{"id":154,"date":"2021-04-23T13:51:39","date_gmt":"2021-04-23T13:51:39","guid":{"rendered":"https:\/\/tararesources.com\/?page_id=154"},"modified":"2023-08-29T07:21:44","modified_gmt":"2023-08-29T07:21:44","slug":"careers","status":"publish","type":"page","link":"https:\/\/tararesources.com\/me\/careers\/","title":{"rendered":"Posao"},"content":{"rendered":"<p><\/p>\n<ul class=\"list-styled white\">\n<li>Mi smo tim. U sve \u0161to radimo utkano je uzajamno po\u0161tovanje i saradnja, i tako posti\u017eemo uspjeh.<\/li>\n<li>Brskovo Mine \u0107e na projektu zaposliti pribli\u017eno 700 ljudi tokom izgradnje, dok \u0107e stalnu radnu snagu tokom rudarskih radova \u010diniti oko 550 zaposlenih. Tipovi zanimanja uklju\u010duju in\u017eenjersko osoblje, operativni menad\u017ement i supervizija, operateri povr\u0161inskog kopa, operateri pogona, logisti\u010dko osoblje, kao i kvalifikovana radna snaga kao \u0161to su zanatlije, tehni\u010dari, obezbje\u0111enje, te administrativna i menad\u017eerska podr\u0161ka.<\/li>\n<li>U zajednici \u0107e se stvoriti dodatni poslovi za pru\u017eanje dodatnih usluga za rudarske operacije.<\/li>\n<li>Planirano je uspostavljanje razli\u010ditih programa obuke, zanatskih praksi i stipendija sa ciljem razvoja specijalnih znanja i vje\u0161tina na lokalnom nivou.<\/li>\n<li>Pored lokalnih zanatskih praksi, bi\u0107e obezbije\u0111ene i univerzitetske stipendije, \u0161to \u0107e osigurati da rudnikom dugoro\u010dno upravljaju uglavnom gra\u0111ani\/ke Crne Gore.<\/li>\n<li>Uporedo sa stvaranjem zna\u010dajnog broja radnih mjesta i generisanja prihoda, novo poslovanje \u0107e vratiti staru slavu op\u0161tini Mojkovac, time nastavljaju\u0107i dugu tradiciju rudarstva i razvijaju\u0107i novi rudnik cinka svjetske klase u Evropi.<\/li>\n<\/ul>\n<p><\/p>","protected":false},"excerpt":{"rendered":"<p>Mi smo tim. U sve \u0161to radimo utkano je uzajamno po\u0161tovanje i saradnja, i tako posti\u017eemo uspjeh. Brskovo Mine \u0107e na projektu zaposliti pribli\u017eno 700 ljudi tokom izgradnje, dok \u0107e stalnu radnu snagu tokom rudarskih radova \u010diniti oko 550 zaposlenih. Tipovi zanimanja uklju\u010duju in\u017eenjersko osoblje, operativni menad\u017ement i supervizija, operateri povr\u0161inskog kopa, operateri pogona, logisti\u010dko [&hellip;]<\/p>","protected":false},"author":1,"featured_media":260,"parent":0,"menu_order":0,"comment_status":"closed","ping_status":"closed","template":"templates\/template-careers.php","meta":{"footnotes":""},"acf":[],"_links":{"self":[{"href":"https:\/\/tararesources.com\/me\/wp-json\/wp\/v2\/pages\/154"}],"collection":[{"href":"https:\/\/tararesources.com\/me\/wp-json\/wp\/v2\/pages"}],"about":[{"href":"https:\/\/tararesources.com\/me\/wp-json\/wp\/v2\/types\/page"}],"author":[{"embeddable":true,"href":"https:\/\/tararesources.com\/me\/wp-json\/wp\/v2\/users\/1"}],"replies":[{"embeddable":true,"href":"https:\/\/tararesources.com\/me\/wp-json\/wp\/v2\/comments?post=154"}],"version-history":[{"count":26,"href":"https:\/\/tararesources.com\/me\/wp-json\/wp\/v2\/pages\/154\/revisions"}],"predecessor-version":[{"id":620,"href":"https:\/\/tararesources.com\/me\/wp-json\/wp\/v2\/pages\/154\/revisions\/620"}],"wp:featuredmedia":[{"embeddable":true,"href":"https:\/\/tararesources.com\/me\/wp-json\/wp\/v2\/media\/260"}],"wp:attachment":[{"href":"https:\/\/tararesources.com\/me\/wp-json\/wp\/v2\/media?parent=154"}],"curies":[{"name":"wp","href":"https:\/\/api.w.org\/{rel}","templated":true}]}}