{"id":329,"date":"2022-09-13T17:35:10","date_gmt":"2022-09-13T17:35:10","guid":{"rendered":"https:\/\/tararesources.com\/?page_id=329"},"modified":"2023-05-23T13:53:15","modified_gmt":"2023-05-23T13:53:15","slug":"resources-and-reserves","status":"publish","type":"page","link":"https:\/\/tararesources.com\/me\/resources-and-reserves\/","title":{"rendered":"Procjena Mineralnih Resursa"},"content":{"rendered":"<p><\/p>\n<style>\nh2.mb-4 {display:none;}\n.mini-table {color:#697175;}\n.mini-table td, .mini-table th {\n    padding: 0rem 1rem !important;\n}\n<\/style>\n<h2 class=\"my-4\">Procjena Mineralnih Resursa &#8211; Uklju\u010dene Mineralne Rezerve &#8211; Septembar 2022<\/h2>\n<table class=\"table table-borderless table-hover table-sm table-responsive-lg text-right\">\n<thead>\n<tr>\n<td colspan=\"7\" style=\"padding:0; text-align:left;\">&nbsp;<\/td>\n<td colspan=\"4\" class=\"table-primary text-center weight700\" style=\"border-left:20px solid #fff;\">Sadr\u017eaj metala<\/td>\n<\/tr>\n<tr style=\"border-top:1px solid #fff;\">\n<th scope=\"col\" class=\"text-left\" style=\"vertical-align:bottom; padding:0; border-right:1px solid #fff;\"><img decoding=\"async\" src=\"https:\/\/tararesources.com\/wp-content\/themes\/tara-resources\/images\/swipe.gif\" width=\"34\" class=\"d-lg-none img-fluid\"><\/th>\n<th scope=\"col\" class=\"table-primary text-left\" style=\"vertical-align:top;\">Kategorija<\/th>\n<th scope=\"col\" class=\"table-primary\">Tone<br \/><span class=\"weight400\">Mt<\/span><\/th>\n<th scope=\"col\" class=\"table-primary\">Zn<br \/><span class=\"weight400\">%<\/span><\/th>\n<th scope=\"col\" class=\"table-primary\">Pb<br \/><span class=\"weight400\">%<\/span><\/th>\n<th scope=\"col\" class=\"table-primary\">Cu<br \/><span class=\"weight400\">%<\/span><\/th>\n<th scope=\"col\" class=\"table-primary\">Ag<br \/><span class=\"weight400\">g\/t<\/span><\/th>\n<th scope=\"col\" class=\"table-primary\" style=\"border-left:20px solid #fff;\">Zn<br \/><span class=\"weight400\">kt<\/span><\/th>\n<th scope=\"col\" class=\"table-primary\">Pb<br \/><span class=\"weight400\">kt<\/span><\/th>\n<th scope=\"col\" class=\"table-primary\">Cu<br \/><span class=\"weight400\">kt<\/span><\/th>\n<th scope=\"col\" class=\"table-primary\">Ag<br \/><span class=\"weight400\">Moz<\/span><\/th>\n<\/tr>\n<\/thead>\n<tbody>\n<tr style=\"border-top:1px solid #fff;\">\n<th scope=\"row\" rowspan=\"3\" class=\"table-primary\" style=\"vertical-align:middle; width:200px; border-right:1px solid #fff;\">ZPV<\/th>\n<td class=\"text-left weight700\">Indikovana vrijednost<\/td>\n<td>41.1<\/td>\n<td>1.93<\/td>\n<td>0.36<\/td>\n<td>0.17<\/td>\n<td>13.2<\/td>\n<td style=\"border-left:20px solid #fff;\">793<\/td>\n<td>147<\/td>\n<td>69<\/td>\n<td>17<\/td>\n<\/tr>\n<tr>\n<td class=\"text-left weight700\">Zaklju\u010dena vrijednost<\/td>\n<td>7.3<\/td>\n<td>1.54<\/td>\n<td>0.22<\/td>\n<td>0.13<\/td>\n<td>10.8<\/td>\n<td style=\"border-left:20px solid #fff;\">113<\/td>\n<td>16<\/td>\n<td>9<\/td>\n<td>3<\/td>\n<\/tr>\n<tr class=\"table-secondary weight700\">\n<td class=\"text-left\">Ukupno<\/td>\n<td>48.4<\/td>\n<td>1.87<\/td>\n<td>0.34<\/td>\n<td>0.16<\/td>\n<td>12.8<\/td>\n<td style=\"border-left:20px solid #fff;\">906<\/td>\n<td>163<\/td>\n<td>78<\/td>\n<td>20<\/td>\n<\/tr>\n<tr style=\"border-top:1px solid #fff;\">\n<th scope=\"row\" rowspan=\"4\" class=\"table-primary\" style=\"vertical-align:middle; border-right:1px solid #fff;\">Brskovo<\/th>\n<td class=\"text-left weight700\">Izmjerena vrijednost<\/td>\n<td>0.4<\/td>\n<td>2.02<\/td>\n<td>1.42<\/td>\n<td>0.17<\/td>\n<td>13.6<\/td>\n<td style=\"border-left:20px solid #fff;\">7<\/td>\n<td>5<\/td>\n<td>1<\/td>\n<td>0.2<\/td>\n<\/tr>\n<tr>\n<td class=\"text-left weight700\">Indikovana vrijednost<\/td>\n<td>10.7<\/td>\n<td>1.71<\/td>\n<td>1.30<\/td>\n<td>0.13<\/td>\n<td>21.9<\/td>\n<td style=\"border-left:20px solid #fff;\">182<\/td>\n<td>138<\/td>\n<td>14<\/td>\n<td>8<\/td>\n<\/tr>\n<tr>\n<td class=\"text-left weight700\">Zaklju\u010dena vrijednost<\/td>\n<td>6.0<\/td>\n<td>1.24<\/td>\n<td>0.99<\/td>\n<td>0.17<\/td>\n<td>16.5<\/td>\n<td style=\"border-left:20px solid #fff;\">75<\/td>\n<td>60<\/td>\n<td>10<\/td>\n<td>3<\/td>\n<\/tr>\n<tr class=\"table-secondary weight700\">\n<td class=\"text-left\">Ukupno<\/td>\n<td>17.1<\/td>\n<td>1.55<\/td>\n<td>1.19<\/td>\n<td>0.15<\/td>\n<td>19.8<\/td>\n<td style=\"border-left:20px solid #fff;\">264<\/td>\n<td>203<\/td>\n<td>25<\/td>\n<td>11<\/td>\n<\/tr>\n<tr style=\"border-top:1px solid #fff;\">\n<th scope=\"row\" rowspan=\"4\" class=\"table-primary\" style=\"vertical-align:middle; border-right:1px solid #fff;\">Brskovo Project Total (ZPV+Brskovo)<\/th>\n<td class=\"text-left weight700\">Izmjerena vrijednost<\/td>\n<td>0.4<\/td>\n<td>2.02<\/td>\n<td>1.42<\/td>\n<td>0.17<\/td>\n<td>13.6<\/td>\n<td style=\"border-left:20px solid #fff;\">7<\/td>\n<td>5<\/td>\n<td>1<\/td>\n<td>0.2<\/td>\n<\/tr>\n<tr>\n<td class=\"text-left weight700\">Indikovana vrijednost<\/td>\n<td>51.8<\/td>\n<td>1.88<\/td>\n<td>0.55<\/td>\n<td>0.16<\/td>\n<td>15.0<\/td>\n<td style=\"border-left:20px solid #fff;\">975<\/td>\n<td>285<\/td>\n<td>83<\/td>\n<td>25<\/td>\n<\/tr>\n<tr>\n<td class=\"text-left weight700\">Zaklju\u010dena vrijednost<\/td>\n<td>13.4<\/td>\n<td>1.41<\/td>\n<td>0.57<\/td>\n<td>0.14<\/td>\n<td>13.4<\/td>\n<td style=\"border-left:20px solid #fff;\">188<\/td>\n<td>76<\/td>\n<td>19<\/td>\n<td>6<\/td>\n<\/tr>\n<tr class=\"table-secondary weight700\">\n<td class=\"text-left\">Ukupno<\/td>\n<td>65.5<\/td>\n<td>1.79<\/td>\n<td>0.56<\/td>\n<td>0.16<\/td>\n<td>14.7<\/td>\n<td style=\"border-left:20px solid #fff;\">1171<\/td>\n<td>366<\/td>\n<td>103<\/td>\n<td>31<\/td>\n<\/tr>\n<\/tbody>\n<\/table>\n<h2 class=\"my-4 pt-5\">Procjena Mineralnih Rezervi &#8211; Septembar 2022<\/h2>\n<table class=\"table table-borderless table-hover table-sm table-responsive-lg text-right\">\n<thead>\n<tr>\n<td colspan=\"7\" style=\"padding:0; text-align:left;\"><img decoding=\"async\" src=\"https:\/\/tararesources.com\/wp-content\/themes\/tara-resources\/images\/swipe.gif\" width=\"34\" class=\"d-lg-none img-fluid\"><\/td>\n<td colspan=\"4\" class=\"table-primary text-center weight700\" style=\"border-left:20px solid #fff;\">Sadr\u017eaj metala<\/td>\n<\/tr>\n<tr style=\"border-top:1px solid #fff;\">\n<th scope=\"col\" class=\"table-primary\" style=\"vertical-align:middle; border-right:1px solid #fff;\">Kop<\/th>\n<th scope=\"col\" class=\"table-primary text-left\" style=\"vertical-align:top; \">Kategorija<\/th>\n<th scope=\"col\" class=\"table-primary\">Tone<br \/><span class=\"weight400\">Mt<\/span><\/th>\n<th scope=\"col\" class=\"table-primary\">Zn<br \/><span class=\"weight400\">%<\/span><\/th>\n<th scope=\"col\" class=\"table-primary\">Pb<br \/><span class=\"weight400\">%<\/span><\/th>\n<th scope=\"col\" class=\"table-primary\">Cu<br \/><span class=\"weight400\">%<\/span><\/th>\n<th scope=\"col\" class=\"table-primary\">Ag<br \/><span class=\"weight400\">g\/t<\/span><\/th>\n<th scope=\"col\" class=\"table-primary\" style=\"border-left:20px solid #fff;\">Zn<br \/><span class=\"weight400\">kt<\/span><\/th>\n<th scope=\"col\" class=\"table-primary\">Pb<br \/><span class=\"weight400\">kt<\/span><\/th>\n<th scope=\"col\" class=\"table-primary\">Cu<br \/><span class=\"weight400\">kt<\/span><\/th>\n<th scope=\"col\" class=\"table-primary\">Ag<br \/><span class=\"weight400\">Moz<\/span><\/th>\n<\/tr>\n<\/thead>\n<tbody>\n<tr class=\"table-secondary\" style=\"border-top:1px solid #fff;\">\n<th scope=\"row\" class=\"table-primary\" style=\"vertical-align:middle; width:200px; border-right:1px solid #fff;\">ZPV<\/th>\n<td class=\"text-left weight700\">Moguca vrijednost<\/td>\n<td>38.2<\/td>\n<td>1.86<\/td>\n<td>0.36<\/td>\n<td>0.16<\/td>\n<td>13.1<\/td>\n<td style=\"border-left:20px solid #fff;\">713<\/td>\n<td>138<\/td>\n<td>61<\/td>\n<td>16<\/td>\n<\/tr>\n<tr style=\"border-top:1px solid #fff;\">\n<th scope=\"row\" rowspan=\"3\" class=\"table-primary\" style=\"vertical-align:middle; border-right:1px solid #fff;\">Brskovo<\/th>\n<td class=\"text-left weight700\">Dokazana vrijednost<\/td>\n<td>0.3<\/td>\n<td>2.02<\/td>\n<td>1.42<\/td>\n<td>0.17<\/td>\n<td>12.2<\/td>\n<td style=\"border-left:20px solid #fff;\">7<\/td>\n<td>5<\/td>\n<td>1<\/td>\n<td>0.1<\/td>\n<\/tr>\n<tr>\n<td class=\"text-left weight700\">Moguca vrijednost<\/td>\n<td>8.6<\/td>\n<td>1.70<\/td>\n<td>1.28<\/td>\n<td>0.14<\/td>\n<td>21.9<\/td>\n<td style=\"border-left:20px solid #fff;\">147<\/td>\n<td>111<\/td>\n<td>12<\/td>\n<td>6<\/td>\n<\/tr>\n<tr class=\"table-secondary weight700\">\n<td class=\"text-left\" style=\"white-space: nowrap;\">Ukupno<\/td>\n<td>8.9<\/td>\n<td>1.72<\/td>\n<td>1.29<\/td>\n<td>0.14<\/td>\n<td>21.5<\/td>\n<td style=\"border-left:20px solid #fff;\">154<\/td>\n<td>115<\/td>\n<td>12<\/td>\n<td>6<\/td>\n<\/tr>\n<tr style=\"border-top:1px solid #fff;\">\n<th scope=\"row\" rowspan=\"3\" class=\"table-primary\" style=\"vertical-align:middle; border-right:1px solid #fff;\">Objedinjeno<span style=\"width:103px; display:block;\"><\/span><\/th>\n<td class=\"text-left weight700\">Dokazana vrijednost<\/td>\n<td>0.3<\/td>\n<td>2.0<\/td>\n<td>1.4<\/td>\n<td>0.2<\/td>\n<td>12.2<\/td>\n<td style=\"border-left:20px solid #fff;\">7<\/td>\n<td>5<\/td>\n<td>1<\/td>\n<td>0.1<\/td>\n<\/tr>\n<tr>\n<td class=\"text-left weight700\">Moguca vrijednost<\/td>\n<td>46.8<\/td>\n<td>1.84<\/td>\n<td>0.53<\/td>\n<td>0.16<\/td>\n<td>14.7<\/td>\n<td style=\"border-left:20px solid #fff;\">859<\/td>\n<td>249<\/td>\n<td>73<\/td>\n<td>22<\/td>\n<\/tr>\n<tr class=\"table-secondary weight700\">\n<td class=\"text-left\" style=\"white-space: nowrap;\">Ukupne Rezerve<\/td>\n<td>47.2<\/td>\n<td>1.84<\/td>\n<td>0.54<\/td>\n<td>0.16<\/td>\n<td>14.7<\/td>\n<td style=\"border-left:20px solid #fff;\">866<\/td>\n<td>254<\/td>\n<td>73<\/td>\n<td>22<\/td>\n<\/tr>\n<\/tbody>\n<\/table>\n<div class=\"split-two my-5\">\n<div class=\"section\">\n<h2 class=\"mb-3 mt-0\">Napomene za Resurse:<\/h2>\n<ul class=\"pl-3 ml-1\">\n<li>Mineralni Resursi navedeni u izvje\u0161taju su u okviru optimizovanog kopa.\t<\/li>\n<li>Nadle\u017ena osoba za Deklaraciju o Mineralnim Resursima je Adam Wheeler.<\/li>\n<li>Resursi navedeni u izvjestaju su okvirni, bez uklju\u010divanja rudarskih faktora.\t<\/li>\n<li>Navedeni resursi se mogu uzeti u obzir kao dobra osnova za izvo\u0111enje ekonomske racunice.<\/li>\n<li>NSR (Neto prihod od prodaje rude umanjen za tro\u0161kove prevoza i prerade) uzorak primjenjuje se na sljede\u0107i na\u010din:\n<ul>\n<li>Zuta Prla: Raz\/Cent\/Vis USD7\/t, SQ\/Dol USD12\/t\t<\/li>\n<li>Brskovo: USD10\/t<\/li>\n<\/ul\n\n>\n<li>NSR (Neto prihod od prodaje rude umanjen za tro\u0161kove prevoza i prerade) obra\u010dun na osnovu cijena metala USD2,200\/t Zn, USD1,900\/t Pb, USD6,500\/t Cu i USD18\/oz Ag.\/\t<\/li>\n<li>Tona\u017ee i stepen iskoristivosti su zaokru\u017eeni na odgovaraju\u0107i na\u010din.\t<\/li>\n<li>Zaokru\u017eivanje prema potrebi mo\u017ee rezultitati o\u010diglednim razlikama u zbiru izme\u0111u tona\u017ea i stepena iskoristivosti. Tamo gdje se to desi, oni se ne smatraju materijalom.<\/li>\n<\/ul><\/div>\n<div class=\"section\">\n<h2 class=\"mb-3 mt-0\">Napomene za Rezerve:<\/h2>\n<ul class=\"pl-3 ml-1\">\n<li>NSR (Neto prihod od prodaje rude umanjen za tro\u0161kove prevoza i prerade) uzorak = USD12\/t rude, na osnovu pretpostavljenih cijena metala:<br \/>\n<table class=\"table table-borderless table-sm table-hover mini-table my-2\">\n<tbody>\n<tr>\n<td>Zn<\/td>\n<td>USD\/t<\/td>\n<td>2\u2018200<\/td>\n<\/tr>\n<tr>\n<td>Pb<\/td>\n<td>USD\/t<\/td>\n<td>1\u2018900<\/td>\n<\/tr>\n<tr>\n<td>Cu<\/td>\n<td>USD\/t<\/td>\n<td>6\u2018500<\/td>\n<\/tr>\n<tr>\n<td>Ag<\/td>\n<td>USD\/oz<\/td>\n<td>18<\/td>\n<\/tr>\n<\/tbody>\n<\/table>\n<\/li>\n<li>Prikazane rezerve su u okviru optimizovanih kopova.<\/li>\n<li>Obracun rezervi se zasniva na standardizovanom blok modelu.<\/li>\n<li>Finalni dizajn kopa tako\u0111e sadr\u017ei 7.2Mt uklju\u010denog resursnog materijala prema stepenu iskoristivosti rude.\t<\/li>\n<li>Tona\u017ee i stepen iskoristivosti su zaokru\u017eeni na odgovaraju\u0107i na\u010din.<\/li>\n<li>Zaokru\u017eivanje prema potrebi mo\u017ee rezultitati o\u010diglednim razlikama u zbiru izme\u0111u tona\u017ea i stepena iskoristivosti.Tamo gdje se to desi, oni se ne smatraju materijalom.<\/li>\n<\/ul><\/div>\n<\/div>\n<p><\/p>","protected":false},"excerpt":{"rendered":"<p>Procjena Mineralnih Resursa &#8211; Uklju\u010dene Mineralne Rezerve &#8211; Septembar 2022 &nbsp; Sadr\u017eaj metala Kategorija ToneMt Zn% Pb% Cu% Agg\/t Znkt Pbkt Cukt AgMoz ZPV Indikovana vrijednost 41.1 1.93 0.36 0.17 13.2 793 147 69 17 Zaklju\u010dena vrijednost 7.3 1.54 0.22 0.13 10.8 113 16 9 3 Ukupno 48.4 1.87 0.34 0.16 12.8 906 163 78 [&hellip;]<\/p>","protected":false},"author":1,"featured_media":332,"parent":0,"menu_order":0,"comment_status":"closed","ping_status":"closed","template":"templates\/template-with-hero.php","meta":{"footnotes":""},"acf":[],"_links":{"self":[{"href":"https:\/\/tararesources.com\/me\/wp-json\/wp\/v2\/pages\/329"}],"collection":[{"href":"https:\/\/tararesources.com\/me\/wp-json\/wp\/v2\/pages"}],"about":[{"href":"https:\/\/tararesources.com\/me\/wp-json\/wp\/v2\/types\/page"}],"author":[{"embeddable":true,"href":"https:\/\/tararesources.com\/me\/wp-json\/wp\/v2\/users\/1"}],"replies":[{"embeddable":true,"href":"https:\/\/tararesources.com\/me\/wp-json\/wp\/v2\/comments?post=329"}],"version-history":[{"count":162,"href":"https:\/\/tararesources.com\/me\/wp-json\/wp\/v2\/pages\/329\/revisions"}],"predecessor-version":[{"id":595,"href":"https:\/\/tararesources.com\/me\/wp-json\/wp\/v2\/pages\/329\/revisions\/595"}],"wp:featuredmedia":[{"embeddable":true,"href":"https:\/\/tararesources.com\/me\/wp-json\/wp\/v2\/media\/332"}],"wp:attachment":[{"href":"https:\/\/tararesources.com\/me\/wp-json\/wp\/v2\/media?parent=329"}],"curies":[{"name":"wp","href":"https:\/\/api.w.org\/{rel}","templated":true}]}}