{"id":46,"date":"2020-06-10T10:12:48","date_gmt":"2020-06-10T10:12:48","guid":{"rendered":"http:\/\/localhost\/tara\/?page_id=46"},"modified":"2023-06-06T12:30:32","modified_gmt":"2023-06-06T12:30:32","slug":"brskovo-mine","status":"publish","type":"page","link":"https:\/\/tararesources.com\/me\/brskovo-mine\/","title":{"rendered":"Rudnik Brskovo"},"content":{"rendered":"<p>Projekat se nalazi u Op\u0161tini Mojkovac na sjeveroistoku Crne Gore i udaljen je otprilike 100km sjeveroisto\u010dno od glavnog grada Podgorice. Projekat je dobro povezan sa putnom i \u017eeljezni\u010dkom infrastrukturom, kao i sa elektro-mre\u017eom, nalazi se u blizini me\u0111unarodnih luka i tako\u0111e ima pristup lokalnom stanovni\u0161tvu koje ima iskustvo u rudarstvu.<\/p>\n<p>Rudnik Brskovo ima dugu istoriju, a prvo rudarenje se pominje jo\u0161 u XIII vijeku, te prve rudarske operacije manjeg obima i proizvodnjom kovanica pod nazivom \u201eGrossi de Brescova\u201c.<\/p>\n<p>Istra\u017eivanje rudarskog potencijala je ponovo zapo\u010deto 1950. Godine, a konkretne aktivnosti su po\u010dele 1976. i trajale su sve do 1991. godine. Nova koncesija za istra\u017eivanje i eksploataciju rude je izdata 2010 godine i vr\u0161eno je bu\u0161enje kako bi se pove\u0107ali resursi.<\/p>\n<p>Kompanija Tara Resources je projekat preuzela 2018. godine te izvr\u0161ila dodatna bu\u0161enje, kao i metalur\u0161ka ispitivanja i studije o za\u0161titi \u017eivotne sredine. Preliminarne ekonomske procjene ura\u0111ene su 2019. godine, a inicijalna Studija izvodljivosti projekat je ure\u0111ena 2021. godine \u010dime se potvr\u0111uje ekonomska isplativost projekta.<\/p>\n<p>Trenutno, kompanija Tara Resources nastavlja uspje\u0161no sa radom na Studiji izvodljivosti, kao i dobijanju neophodnih dozvola i saglasnosti.<\/p>\n<p>Rudnik Brskovo c\u0301e se sastojati od dva povr\u0161inska kopa, postrojenja za preradu kao i objekta za upravljanje otpadom.<\/p>\n<p>Rudnik Brskovo \u0107e biti jedan od najve\u0107ih rudnika cinka u Evropi, uz proizvodnju od oko 45.000 tona cinka, oko 13.000 tona olova i oko 3.000 tona bakra u koncentratima, kao i oko milion unci srebra godi\u0161nje, kroz koncentrate bakra i olova.<\/p>\n<p>Izgradnja rudnika podrazumijeva kapitalnu investiciju od oko 180 miliona eura, a projekat c\u0301e se razvijati u skladu sa najvi\u0161im standardima ekolo\u0161kog i dru\u0161tvenog upravljanja, kao i odr\u017eivosti.<\/p>\n<p>Rudnik Brskovo \u0107e biti jedan od najve\u0107ih poslodavaca u Crnoj Gori, i zapo\u0161ljava\u0107e oko 700 ljudi u izgradnji, obezbje\u0111uju\u0107i 550 direktnih poslova i 200 indirektnih tokom operacija.<\/p>\n<p>Projekat c\u0301e biti jedan od onih koji najvi\u0161e doprinose izvozu Crne Gore, porezima i zapo\u0161ljavanju, a sam rudnik \u0107e povratiti nekada\u0161nju prepoznatljivost jednog od najpoznatijih rudarskih regiona u Evropi.<\/p>\n<hr\/>\n<div class=\"row\">\n<div class=\"col-12 col-md-6\">\n<h5 class=\"mb-3 text-center\"><span style=\"color: #4c8ccb;\"><strong>Brskovo Mine Booklet \u2013 du\u017ea verzija<\/strong><\/span><\/h5>\n<p><a href=\"https:\/\/tararesources.com\/wp-content\/uploads\/2021\/07\/2021-05-Brskovo-Booklet_web-version-v2.pdf\" target=\"_blank\" class=\"btn btn-primary btn-lg btn-block\" rel=\"noopener\">Preuzmite materijal<\/a>\n   <\/div>\n<div class=\"col-12 col-md-6\">\n<h5 class=\"mb-3 text-center\"><span style=\"color: #4c8ccb;\"><strong>Brskovo Mine Booklet \u2013 kratak pregled<\/strong><\/span><\/h5>\n<p><a href=\"https:\/\/tararesources.com\/wp-content\/uploads\/2021\/07\/2021-06-Brskovo-Booklet-SHORT_web-version-v2.pdf\" target=\"_blank\" class=\"btn btn-primary btn-lg btn-block\" rel=\"noopener\">Preuzmite materijal<\/a>\n   <\/div>\n<\/div>\n<hr\/>\n<h5 class=\"mb-3\"><span style=\"color: #4c8ccb;\"><strong>O projektnim planovima rudnika Brskovi, jun 2021<\/strong><\/span><\/h5>\n<div class=\"embed-responsive embed-responsive-16by9\">\n  <iframe class=\"embed-responsive-item\" src=\"https:\/\/www.youtube.com\/embed\/VYN19WcBBMc\" allowfullscreen><\/iframe>\n<\/div>\n<hr \/>\n<h5><span style=\"color: #4c8ccb;\"><strong>Upravljanje za\u0161titom \u017eivotne sredine<br \/>\n<\/strong><\/span><\/h5>\n<div class=\"embed-responsive embed-responsive-16by9\"><iframe class=\"embed-responsive-item\" src=\"https:\/\/www.youtube.com\/embed\/PNaTcx2dgU8\" allowfullscreen=\"allowfullscreen\"><\/iframe><\/div>\n<div>\n<div>\n<hr \/>\n<\/div>\n<p><\/p>","protected":false},"excerpt":{"rendered":"<p>Projekat se nalazi u Op\u0161tini Mojkovac na sjeveroistoku Crne Gore i udaljen je otprilike 100km sjeveroisto\u010dno od glavnog grada Podgorice. Projekat je dobro povezan sa putnom i \u017eeljezni\u010dkom infrastrukturom, kao i sa elektro-mre\u017eom, nalazi se u blizini me\u0111unarodnih luka i tako\u0111e ima pristup lokalnom stanovni\u0161tvu koje ima iskustvo u rudarstvu. Rudnik Brskovo ima dugu istoriju, [&hellip;]<\/p>","protected":false},"author":1,"featured_media":110,"parent":0,"menu_order":0,"comment_status":"closed","ping_status":"closed","template":"templates\/template-with-hero.php","meta":{"footnotes":""},"acf":[],"_links":{"self":[{"href":"https:\/\/tararesources.com\/me\/wp-json\/wp\/v2\/pages\/46"}],"collection":[{"href":"https:\/\/tararesources.com\/me\/wp-json\/wp\/v2\/pages"}],"about":[{"href":"https:\/\/tararesources.com\/me\/wp-json\/wp\/v2\/types\/page"}],"author":[{"embeddable":true,"href":"https:\/\/tararesources.com\/me\/wp-json\/wp\/v2\/users\/1"}],"replies":[{"embeddable":true,"href":"https:\/\/tararesources.com\/me\/wp-json\/wp\/v2\/comments?post=46"}],"version-history":[{"count":42,"href":"https:\/\/tararesources.com\/me\/wp-json\/wp\/v2\/pages\/46\/revisions"}],"predecessor-version":[{"id":610,"href":"https:\/\/tararesources.com\/me\/wp-json\/wp\/v2\/pages\/46\/revisions\/610"}],"wp:featuredmedia":[{"embeddable":true,"href":"https:\/\/tararesources.com\/me\/wp-json\/wp\/v2\/media\/110"}],"wp:attachment":[{"href":"https:\/\/tararesources.com\/me\/wp-json\/wp\/v2\/media?parent=46"}],"curies":[{"name":"wp","href":"https:\/\/api.w.org\/{rel}","templated":true}]}}