{"id":50,"date":"2020-06-10T10:13:14","date_gmt":"2020-06-10T10:13:14","guid":{"rendered":"http:\/\/localhost\/tara\/?page_id=50"},"modified":"2020-07-01T08:54:21","modified_gmt":"2020-07-01T08:54:21","slug":"our-approach","status":"publish","type":"page","link":"https:\/\/tararesources.com\/me\/our-approach\/","title":{"rendered":"Na\u0161 pristup"},"content":{"rendered":"<p>Tara Resources je posve\u0107en za\u0161titi \u017eivotne sredine, promovisanju zdravlja i bezbjednosti svojih zaposlenih, po\u0161tovanju lokalnih kultura i vrijednosti i te\u017ei ka tome da bude uzoran partner u poslovnom svijetu. <\/p>","protected":false},"excerpt":{"rendered":"<p>Tara Resources je posve\u0107en za\u0161titi \u017eivotne sredine, promovisanju zdravlja i bezbjednosti svojih zaposlenih, po\u0161tovanju lokalnih kultura i vrijednosti i te\u017ei ka tome da bude uzoran partner u poslovnom svijetu.<\/p>","protected":false},"author":1,"featured_media":109,"parent":0,"menu_order":0,"comment_status":"closed","ping_status":"closed","template":"templates\/template-our-approach.php","meta":{"footnotes":""},"acf":[],"_links":{"self":[{"href":"https:\/\/tararesources.com\/me\/wp-json\/wp\/v2\/pages\/50"}],"collection":[{"href":"https:\/\/tararesources.com\/me\/wp-json\/wp\/v2\/pages"}],"about":[{"href":"https:\/\/tararesources.com\/me\/wp-json\/wp\/v2\/types\/page"}],"author":[{"embeddable":true,"href":"https:\/\/tararesources.com\/me\/wp-json\/wp\/v2\/users\/1"}],"replies":[{"embeddable":true,"href":"https:\/\/tararesources.com\/me\/wp-json\/wp\/v2\/comments?post=50"}],"version-history":[{"count":4,"href":"https:\/\/tararesources.com\/me\/wp-json\/wp\/v2\/pages\/50\/revisions"}],"predecessor-version":[{"id":121,"href":"https:\/\/tararesources.com\/me\/wp-json\/wp\/v2\/pages\/50\/revisions\/121"}],"wp:featuredmedia":[{"embeddable":true,"href":"https:\/\/tararesources.com\/me\/wp-json\/wp\/v2\/media\/109"}],"wp:attachment":[{"href":"https:\/\/tararesources.com\/me\/wp-json\/wp\/v2\/media?parent=50"}],"curies":[{"name":"wp","href":"https:\/\/api.w.org\/{rel}","templated":true}]}}