{"id":613,"date":"2023-07-19T11:42:55","date_gmt":"2023-07-19T11:42:55","guid":{"rendered":"https:\/\/tararesources.com\/?page_id=613"},"modified":"2023-07-22T14:45:53","modified_gmt":"2023-07-22T14:45:53","slug":"sustainability","status":"publish","type":"page","link":"https:\/\/tararesources.com\/me\/sustainability\/","title":{"rendered":"Odr\u017eivost"},"content":{"rendered":"<p>Kompanija Tara Resources zala\u017ee se za za\u0161titu \u017eivotne sredine, po\u0161tovanje lokalne kulture i vrednosti, promovisanje zdravlja i bezbjednosti zaposlenih, nastoje\u0107i da bude uzoran korporativni igra\u010d.<\/p>\n<ul type=\"disc\">\n<li>\n<div>Posve\u0107eni smo po\u0161tovanju standarda koje su postavili Me\u0111unarodna finansijska korporacija Svjetske banke (IFC standardi u\u010dinka), Evropska banka za obnovu i razvoj (EBRD zahjtevi o performansama) i Principi Ekvatora.<\/div>\n<\/li>\n<li>\n<div>Procjena uticaja na \u017eivotnu sredinu i dru\u0161tvo (ESIA) za na\u0161 projekat Brskovo pru\u017ea nam detaljno razumijevanje lokalne \u017eivotne sredine, potencijalnih uticaja na\u0161e djelatnosti i kako ih efikasno ubla\u017eiti. Procesom ESIA upravlja me\u0111unarodna konsultantska firma Wardell Armstrong.<\/div>\n<\/li>\n<li>\n<div>Na\u0161a ESIA osnova je za na\u0161 Sistem upravljanja \u017eivotnom sredinom i dru\u0161tvenim pitanjima (ESMS), koji nam je podr\u0161ka u poslovanju na odr\u017eiv na\u010din, elimini\u0161u\u0107i, minimiziraju\u0107i ili ubla\u017eavaju\u0107i nepovoljne uticaje i maksimiziraju\u0107i pozitivne uticaje na \u017eivotnu sredinu, kao i dru\u0161tveno-ekonomski uticaj.<\/div>\n<\/li>\n<li>\n<div>Koristimo me\u0111unarodne tehnike u skladu sa najboljom praksom, a u poslovanju primjenjujemo napredne tehnologije kako bismo smanjili uticaj na \u017eivotnu sredinu.<\/div>\n<\/li>\n<li>\n<div>Rije\u0161i\u0107emo probleme iz pro\u0161losti vezane za \u017eivotnu sredinu koji su prouzrokovani ranijim rudarskim aktivnostima na lokaciji projekta.<\/div>\n<\/li>\n<li>\n<div>Sakuplja\u0107emo, skladi\u0161titi i reciklirati ki\u0161nicu s lokacije za na\u0161e potrebe i tretira\u0107emo cjelokupan vi\u0161ak vode koja se ispu\u0161ta s lokacije, osiguravaju\u0107i da samo visokokvalitetna voda napu\u0161ta oblast projekta.<\/div>\n<\/li>\n<li>\n<div>Na\u0161i objekti za integrisano upravljanje otpadom dizajnirani su prema najboljim me\u0111unarodnim praksama. Flotacijske jalovine \u0107e biti drenirane i smje\u0161tene u odvojene komore unutar \u010dvrstog otpadnog stijenja, \u0161to elimini\u0161e potrebu za vla\u017enim branama za skladi\u0161tenje jalovine, kao \u0161to je bio slu\u010daj tokom ranijih rudarskih aktivnosti.<\/div>\n<\/li>\n<li>\n<div>Sprovodimo stalno pra\u0107enje stanja \u017eivotne sredine kako bismo identifikovali potencijalne uticaje na\u0161eg poslovanja i implementirali odgovaraju\u0107e mjere za smanjenje \u0161tetnih efekata.<\/div>\n<\/li>\n<li>\n<div>a\u0161e pra\u0107enje obuhvata niz pokazatelja \u017eivotne sredine, uklju\u010duju\u0107i kvalitet vazduha, zemlje i vode, biodiverzitet, pra\u0161inu, buku, vibracije i potro\u0161nju energije.<\/div>\n<\/li>\n<li>\n<div>Na\u0161 pristup upravljanju \u017eivotnom sredinom baziran je na na\u0161oj Politici za\u0161tite \u017eivotne sredine i stru\u010dnosti na\u0161eg internog tima za \u017eivotnu sredinu.<\/div>\n<\/li>\n<li>\n<div><\/div>\n<div>Gradimo jake odnose i odr\u017eavamo proaktivno, transparentno i inkluzivno uklju\u010divanje s na\u0161im doma\u0107inskim zajednicama, klju\u010dnim interesnim stranama, kao i sa lokalnim, regionalnim i nacionalnim vlastima.<\/div>\n<\/li>\n<li>\n<div><\/div>\n<div>Poseban naglasak stavljamo na razvoj vje\u0161tina i zapo\u0161ljavanje stanovni\u0161tva lokalnog podru\u010dja, a za obavljanje ovih poslova posve\u0107eni smo cilju da me\u0111u zaposlenima vi\u0161e od 90% bude iz Crne Gore.<\/div>\n<\/li>\n<li>\n<div>Koristimo vode\u0107e industrijske sigurnosne prakse kako bismo razvili na\u0161u strategiju za bezbjednost i zdravlje, analizirali opasnosti i smanjili rizike, te razvijali na\u0161e bezbjednosne i zdravstvene politike i procedure.<\/div>\n<\/li>\n<\/ul>\n<p>Me\u0111u najrelevantnijim pitanjima upravljanja vezanim za \u017eivotnu sredinu u na\u0161em poslovanju su voda, upravljanje otpadom, biodiverzitet i klimatske promjene.<\/p>\n<ul type=\"disc\">\n<li>\n<div><strong>Voda<\/strong>: priznajemo va\u017enost vode za zajednice u kojima poslujemo. Obavezujemo se da \u0107emo upravljati potro\u0161njom vode na efikasan i odr\u017eiv na\u010din.<\/div>\n<\/li>\n<li>\n<div><strong>Upravljanje otpadom<\/strong>: odgovorno \u0107emo upravljati otpadom primjenjuju\u0107i najbolje prakse u skladu s nacionalnim zakonodavstvom i me\u0111unarodnim smjernicama.<\/div>\n<\/li>\n<li>\n<div><strong>Biodiverzitet<\/strong>: trudimo se da za\u0161titimo lokalni biodiverzitet i da osiguramo da podru\u010dja na kojima poslujemo ostanu pozitivno stani\u0161te za lokalne vrste. Na\u0161 cilj je da osiguramo da ne do\u0111e do neto gubitka va\u017enih karakteristika biodiverziteta ili klju\u010dnih stani\u0161ta i, ako je mogu\u0107e, da doprinesemo da rezultat na\u0161ih aktivnosti bude \u00a0neto dobitak biodiverziteta.<\/div>\n<\/li>\n<li>\n<div><strong>Klimatske<\/strong> <strong>promjene<\/strong>: cilj nam je da smanjimo doprinos stakleni\u010dkim gasovima, uklju\u010duju\u0107i osiguravanje efikasnog kori\u0161\u0107enja energije i resursa.<\/div>\n<\/li>\n<\/ul>\n<p><\/p>","protected":false},"excerpt":{"rendered":"<p>Kompanija Tara Resources zala\u017ee se za za\u0161titu \u017eivotne sredine, po\u0161tovanje lokalne kulture i vrednosti, promovisanje zdravlja i bezbjednosti zaposlenih, nastoje\u0107i da bude uzoran korporativni igra\u010d. Posve\u0107eni smo po\u0161tovanju standarda koje su postavili Me\u0111unarodna finansijska korporacija Svjetske banke (IFC standardi u\u010dinka), Evropska banka za obnovu i razvoj (EBRD zahjtevi o performansama) i Principi Ekvatora. Procjena uticaja [&hellip;]<\/p>","protected":false},"author":1,"featured_media":0,"parent":0,"menu_order":0,"comment_status":"closed","ping_status":"closed","template":"","meta":{"footnotes":""},"acf":[],"_links":{"self":[{"href":"https:\/\/tararesources.com\/me\/wp-json\/wp\/v2\/pages\/613"}],"collection":[{"href":"https:\/\/tararesources.com\/me\/wp-json\/wp\/v2\/pages"}],"about":[{"href":"https:\/\/tararesources.com\/me\/wp-json\/wp\/v2\/types\/page"}],"author":[{"embeddable":true,"href":"https:\/\/tararesources.com\/me\/wp-json\/wp\/v2\/users\/1"}],"replies":[{"embeddable":true,"href":"https:\/\/tararesources.com\/me\/wp-json\/wp\/v2\/comments?post=613"}],"version-history":[{"count":2,"href":"https:\/\/tararesources.com\/me\/wp-json\/wp\/v2\/pages\/613\/revisions"}],"predecessor-version":[{"id":616,"href":"https:\/\/tararesources.com\/me\/wp-json\/wp\/v2\/pages\/613\/revisions\/616"}],"wp:attachment":[{"href":"https:\/\/tararesources.com\/me\/wp-json\/wp\/v2\/media?parent=613"}],"curies":[{"name":"wp","href":"https:\/\/api.w.org\/{rel}","templated":true}]}}