{"id":626,"date":"2023-09-11T14:13:04","date_gmt":"2023-09-11T14:13:04","guid":{"rendered":"https:\/\/tararesources.com\/?page_id=626"},"modified":"2024-02-19T09:58:31","modified_gmt":"2024-02-19T09:58:31","slug":"faq","status":"publish","type":"page","link":"https:\/\/tararesources.com\/me\/faq\/","title":{"rendered":"Naj\u010de\u0161\u0107a pitanja"},"content":{"rendered":"","protected":false},"excerpt":{"rendered":"","protected":false},"author":1,"featured_media":630,"parent":0,"menu_order":0,"comment_status":"closed","ping_status":"closed","template":"templates\/template-chpp.php","meta":{"footnotes":""},"acf":[],"_links":{"self":[{"href":"https:\/\/tararesources.com\/me\/wp-json\/wp\/v2\/pages\/626"}],"collection":[{"href":"https:\/\/tararesources.com\/me\/wp-json\/wp\/v2\/pages"}],"about":[{"href":"https:\/\/tararesources.com\/me\/wp-json\/wp\/v2\/types\/page"}],"author":[{"embeddable":true,"href":"https:\/\/tararesources.com\/me\/wp-json\/wp\/v2\/users\/1"}],"replies":[{"embeddable":true,"href":"https:\/\/tararesources.com\/me\/wp-json\/wp\/v2\/comments?post=626"}],"version-history":[{"count":9,"href":"https:\/\/tararesources.com\/me\/wp-json\/wp\/v2\/pages\/626\/revisions"}],"predecessor-version":[{"id":656,"href":"https:\/\/tararesources.com\/me\/wp-json\/wp\/v2\/pages\/626\/revisions\/656"}],"wp:featuredmedia":[{"embeddable":true,"href":"https:\/\/tararesources.com\/me\/wp-json\/wp\/v2\/media\/630"}],"wp:attachment":[{"href":"https:\/\/tararesources.com\/me\/wp-json\/wp\/v2\/media?parent=626"}],"curies":[{"name":"wp","href":"https:\/\/api.w.org\/{rel}","templated":true}]}}